{"id":83,"date":"2020-10-29T19:12:39","date_gmt":"2020-10-29T19:12:39","guid":{"rendered":"https:\/\/nicolaedina.es\/?page_id=83"},"modified":"2020-11-26T10:48:34","modified_gmt":"2020-11-26T10:48:34","slug":"platforma-politica","status":"publish","type":"page","link":"https:\/\/nicolaedina.es\/?page_id=83","title":{"rendered":"Platform\u0103 politic\u0103"},"content":{"rendered":"\t\t<div data-elementor-type=\"wp-page\" data-elementor-id=\"83\" class=\"elementor elementor-83\">\n\t\t\t\t\t\t<section class=\"elementor-section elementor-top-section elementor-element elementor-element-23db49f elementor-section-height-min-height elementor-section-boxed elementor-section-height-default elementor-section-items-middle\" data-id=\"23db49f\" data-element_type=\"section\" data-settings=\"{&quot;background_background&quot;:&quot;classic&quot;}\">\n\t\t\t\t\t\t\t<div class=\"elementor-background-overlay\"><\/div>\n\t\t\t\t\t\t\t<div class=\"elementor-container elementor-column-gap-default\">\n\t\t\t\t\t<div class=\"elementor-column elementor-col-100 elementor-top-column elementor-element elementor-element-5155326\" data-id=\"5155326\" data-element_type=\"column\">\n\t\t\t<div class=\"elementor-widget-wrap elementor-element-populated\">\n\t\t\t\t\t\t<div class=\"elementor-element elementor-element-6f0d9c73 elementor-widget elementor-widget-heading\" data-id=\"6f0d9c73\" data-element_type=\"widget\" data-widget_type=\"heading.default\">\n\t\t\t\t<div class=\"elementor-widget-container\">\n\t\t\t<h3 class=\"elementor-heading-title elementor-size-default\">Platform\u0103 politic\u0103<\/h3>\t\t<\/div>\n\t\t\t\t<\/div>\n\t\t\t\t<div class=\"elementor-element elementor-element-14a381ae elementor-widget elementor-widget-heading\" data-id=\"14a381ae\" data-element_type=\"widget\" data-widget_type=\"heading.default\">\n\t\t\t\t<div class=\"elementor-widget-container\">\n\t\t\t<h2 class=\"elementor-heading-title elementor-size-default\">Platforma mea reflect\u0103 valorile mele<\/h2>\t\t<\/div>\n\t\t\t\t<\/div>\n\t\t\t\t\t<\/div>\n\t\t<\/div>\n\t\t\t\t\t<\/div>\n\t\t<\/section>\n\t\t\t\t<section class=\"elementor-section elementor-top-section elementor-element elementor-element-57726e60 elementor-section-boxed elementor-section-height-default elementor-section-height-default\" data-id=\"57726e60\" data-element_type=\"section\" data-settings=\"{&quot;background_background&quot;:&quot;classic&quot;}\">\n\t\t\t\t\t\t<div class=\"elementor-container elementor-column-gap-wider\">\n\t\t\t\t\t<div class=\"elementor-column elementor-col-100 elementor-top-column elementor-element elementor-element-f563b40\" data-id=\"f563b40\" data-element_type=\"column\">\n\t\t\t<div class=\"elementor-widget-wrap\">\n\t\t\t\t\t\t\t<\/div>\n\t\t<\/div>\n\t\t\t\t\t<\/div>\n\t\t<\/section>\n\t\t\t\t<section class=\"elementor-section elementor-top-section elementor-element elementor-element-687cbfb elementor-section-boxed elementor-section-height-default elementor-section-height-default\" data-id=\"687cbfb\" data-element_type=\"section\">\n\t\t\t\t\t\t<div class=\"elementor-container elementor-column-gap-default\">\n\t\t\t\t\t<div class=\"elementor-column elementor-col-100 elementor-top-column elementor-element elementor-element-d5bea42\" data-id=\"d5bea42\" data-element_type=\"column\">\n\t\t\t<div class=\"elementor-widget-wrap elementor-element-populated\">\n\t\t\t\t\t\t<div class=\"elementor-element elementor-element-b528da1 elementor-widget elementor-widget-text-editor\" data-id=\"b528da1\" data-element_type=\"widget\" data-widget_type=\"text-editor.default\">\n\t\t\t\t<div class=\"elementor-widget-container\">\n\t\t\t\t\t\t\t<h3>Cel mai important Ministerul Diasporei, ai c\u0103rui functionari ar trebui s\u0103 fie, preponderent, cet\u0103\u021beni rom\u00e2ni, indiferent de culoarea politic\u0103 sau religios\u0103, rom\u00e2ni care au locuit sau locuiesc \u00een Diaspora de mai bine de 10 ani, cu expertiz\u0103 \u00een domeniul de specialitate, persoane implicate \u00een comunit\u0103\u021bile rom\u00e2ne\u0219ti, cu preg\u0103tire \u00een&nbsp; domeniile de activitate specifice Diasporei.<\/h3>\n<h3>PRIORIT\u0102\u021aI:<\/h3>\n<h3>1. Dubla cet\u0103\u021benie. Cazul rom\u00e2nilor din Spania. Tratative bilaterale pentru semnarea unui acord \u00eentre state.<\/h3>\n<h3>2. Schimbarea de urgen\u021b\u0103 a statutului de parlamentar (reprezentant), pentru&nbsp; diaspora, select\u00e2nd candida\u021bi care fac dovada de&nbsp; a fi locuit cel pu\u021bin 10 ani de form\u0103 continuat\u0103 \u00een diaspora.&nbsp;<\/h3>\n<h3>3. M\u0103rirea num\u0103rului de parlamentari care s\u0103 reprezinte cet\u0103\u021benii rom\u00e2ni din diaspora. Model de reprezentare potrivit num\u0103rului de cet\u0103\u021beni care tr\u0103iesc \u00een circumscrip\u021bia 43. Act normativ de modificat: Legea nr.208\/2015(modificare Anex\u0103 1).<\/h3>\n<h3>4. Implementarea de urgen\u021b\u0103 a votului electronic.&nbsp;<\/h3>\n<h3>5. Fonduri europene de investi\u021bie pentru micii produc\u0103tori \u0219i antreprenori din Diaspora. Reluare Apel pe Axa prioritar\u0103 3 POCU cu maximizarea finan\u021b\u0103rii.<\/h3>\n<h3>6. Prin europarlamentari, ob\u021binerea de fonduri europene pentru to\u021bi antreprenorii rom\u00e2ni din Diaspora, afla\u021bi \u00een dificultate \u00een urma declar\u0103rii situa\u021biei specifice pandemiei Covid-19.&nbsp;<\/h3>\n<h3>7. Rezolvarea litigiului dintre stat \u0219i cet\u0103\u021benii rom\u00e2ni din Diaspora privind repatrierea persoanelor decedate sau sprijinul persoanelor accidentate ori aflate&nbsp; \u00een situa\u021bii de&nbsp; excluziune social\u0103<\/h3>\n<h3>8. O mai bun\u0103 colaborare \u00eentre statul rom\u00e2n \u0219i Diaspora pe teme ale contractelor de munc\u0103 \u0219i revizuire normativei privind respectarea acestor contracte. Re\u021bea solid\u0103 de ata\u0219a\u021bi pe probleme de munc\u0103.<\/h3>\n<h3>9. Punerea la dispozi\u021bia cet\u0103\u021benilor a unui Departament special pentru problemele rom\u00e2nilor din Diaspora, \u00een ceea ce prive\u0219te pensionarea.<\/h3>\n<h3>10. Recunoa\u0219terea Diasporei ca un investitor care nu prime\u0219te beneficiile fiscale ale statului rom\u00e2n\u0219i NU ca o problem\u0103 pentru statul rom\u00e2n, prin luarea unor m\u0103suri concrete de sprijinire \u0219i premiere a repatrierii profitului ori capitalului rom\u00e2nesc.&nbsp;<\/h3>\t\t\t\t\t\t<\/div>\n\t\t\t\t<\/div>\n\t\t\t\t\t<\/div>\n\t\t<\/div>\n\t\t\t\t\t<\/div>\n\t\t<\/section>\n\t\t\t\t<section class=\"elementor-section elementor-top-section elementor-element elementor-element-5adcee14 elementor-section-boxed elementor-section-height-default elementor-section-height-default\" data-id=\"5adcee14\" data-element_type=\"section\" data-settings=\"{&quot;background_background&quot;:&quot;classic&quot;}\">\n\t\t\t\t\t\t\t<div class=\"elementor-background-overlay\"><\/div>\n\t\t\t\t\t\t\t<div class=\"elementor-container elementor-column-gap-default\">\n\t\t\t\t\t<div class=\"elementor-column elementor-col-100 elementor-top-column elementor-element elementor-element-305a82f\" data-id=\"305a82f\" data-element_type=\"column\">\n\t\t\t<div class=\"elementor-widget-wrap elementor-element-populated\">\n\t\t\t\t\t\t<div class=\"elementor-element elementor-element-378b09f5 elementor-widget elementor-widget-heading\" data-id=\"378b09f5\" data-element_type=\"widget\" data-widget_type=\"heading.default\">\n\t\t\t\t<div class=\"elementor-widget-container\">\n\t\t\t<h3 class=\"elementor-heading-title elementor-size-default\">Prin integritate, determinare \u0219i viziune voi lupta s\u0103 protejez interesele tuturor cet\u0103\u021benilor rom\u00e2ni din Diaspora \u0219i ale familiilor lor.<\/h3>\t\t<\/div>\n\t\t\t\t<\/div>\n\t\t\t\t\t<\/div>\n\t\t<\/div>\n\t\t\t\t\t<\/div>\n\t\t<\/section>\n\t\t\t\t<section class=\"elementor-section elementor-top-section elementor-element elementor-element-50ce7f18 elementor-section-full_width elementor-section-height-default elementor-section-height-default\" data-id=\"50ce7f18\" data-element_type=\"section\" data-settings=\"{&quot;background_background&quot;:&quot;classic&quot;}\">\n\t\t\t\t\t\t\t<div class=\"elementor-background-overlay\"><\/div>\n\t\t\t\t\t\t\t<div class=\"elementor-container elementor-column-gap-default\">\n\t\t\t\t\t<div class=\"elementor-column elementor-col-100 elementor-top-column elementor-element elementor-element-33827f95\" data-id=\"33827f95\" data-element_type=\"column\">\n\t\t\t<div class=\"elementor-widget-wrap elementor-element-populated\">\n\t\t\t\t\t\t<div class=\"elementor-element elementor-element-6784429e elementor-widget elementor-widget-heading\" data-id=\"6784429e\" data-element_type=\"widget\" data-widget_type=\"heading.default\">\n\t\t\t\t<div class=\"elementor-widget-container\">\n\t\t\t<h2 class=\"elementor-heading-title elementor-size-default\">Scrie-mi lucrurile pe care dore\u0219ti s\u0103 le schimb\u0103m \u00eempreun\u0103 \u00een Diaspora!<\/h2>\t\t<\/div>\n\t\t\t\t<\/div>\n\t\t\t\t<div class=\"elementor-element elementor-element-658bd4e elementor-widget__width-initial elementor-button-align-stretch elementor-widget elementor-widget-form\" data-id=\"658bd4e\" data-element_type=\"widget\" data-settings=\"{&quot;step_next_label&quot;:&quot;Next&quot;,&quot;step_previous_label&quot;:&quot;Previous&quot;,&quot;button_width&quot;:&quot;100&quot;,&quot;step_type&quot;:&quot;number_text&quot;,&quot;step_icon_shape&quot;:&quot;circle&quot;}\" data-widget_type=\"form.default\">\n\t\t\t\t<div class=\"elementor-widget-container\">\n\t\t\t\t\t<form class=\"elementor-form\" method=\"post\" name=\"New Form\">\n\t\t\t<input type=\"hidden\" name=\"post_id\" value=\"83\"\/>\n\t\t\t<input type=\"hidden\" name=\"form_id\" value=\"658bd4e\"\/>\n\t\t\t<input type=\"hidden\" name=\"referer_title\" value=\"\" \/>\n\n\t\t\t\n\t\t\t<div class=\"elementor-form-fields-wrapper elementor-labels-above\">\n\t\t\t\t\t\t\t\t<div class=\"elementor-field-type-text elementor-field-group elementor-column elementor-field-group-name elementor-col-100\">\n\t\t\t\t\t\t\t\t\t\t\t\t<label for=\"form-field-name\" class=\"elementor-field-label\">\n\t\t\t\t\t\t\t\tNume\t\t\t\t\t\t\t<\/label>\n\t\t\t\t\t\t\t\t\t\t\t\t\t\t<input size=\"1\" type=\"text\" name=\"form_fields[name]\" id=\"form-field-name\" class=\"elementor-field elementor-size-sm  elementor-field-textual\" placeholder=\"Nume\">\n\t\t\t\t\t\t\t\t\t\t\t<\/div>\n\t\t\t\t\t\t\t\t<div class=\"elementor-field-type-email elementor-field-group elementor-column elementor-field-group-email elementor-col-100 elementor-field-required\">\n\t\t\t\t\t\t\t\t\t\t\t\t<label for=\"form-field-email\" class=\"elementor-field-label\">\n\t\t\t\t\t\t\t\tEmail\t\t\t\t\t\t\t<\/label>\n\t\t\t\t\t\t\t\t\t\t\t\t\t\t<input size=\"1\" type=\"email\" name=\"form_fields[email]\" id=\"form-field-email\" class=\"elementor-field elementor-size-sm  elementor-field-textual\" placeholder=\"Email\" required=\"required\" aria-required=\"true\">\n\t\t\t\t\t\t\t\t\t\t\t<\/div>\n\t\t\t\t\t\t\t\t<div class=\"elementor-field-type-textarea elementor-field-group elementor-column elementor-field-group-message elementor-col-100\">\n\t\t\t\t\t\t\t\t\t\t\t\t<label for=\"form-field-message\" class=\"elementor-field-label\">\n\t\t\t\t\t\t\t\tMesaj\t\t\t\t\t\t\t<\/label>\n\t\t\t\t\t\t<textarea class=\"elementor-field-textual elementor-field  elementor-size-sm\" name=\"form_fields[message]\" id=\"form-field-message\" rows=\"4\" placeholder=\"Mesaj\"><\/textarea>\t\t\t\t<\/div>\n\t\t\t\t\t\t\t\t<div class=\"elementor-field-group elementor-column elementor-field-type-submit elementor-col-100 e-form__buttons\">\n\t\t\t\t\t<button type=\"submit\" class=\"elementor-button elementor-size-sm\">\n\t\t\t\t\t\t<span >\n\t\t\t\t\t\t\t\t\t\t\t\t\t\t\t<span class=\" elementor-button-icon\">\n\t\t\t\t\t\t\t\t\t\t\t\t\t\t\t\t\t\t\t\t\t\t\t\t\t\t<\/span>\n\t\t\t\t\t\t\t\t\t\t\t\t\t\t\t\t\t\t\t\t\t\t<span class=\"elementor-button-text\">Trimite<\/span>\n\t\t\t\t\t\t\t\t\t\t\t\t\t<\/span>\n\t\t\t\t\t<\/button>\n\t\t\t\t<\/div>\n\t\t\t<\/div>\n\t\t<\/form>\n\t\t\t\t<\/div>\n\t\t\t\t<\/div>\n\t\t\t\t<div class=\"elementor-element elementor-element-28f45a4 elementor-widget elementor-widget-spacer\" data-id=\"28f45a4\" data-element_type=\"widget\" data-widget_type=\"spacer.default\">\n\t\t\t\t<div class=\"elementor-widget-container\">\n\t\t\t\t\t<div class=\"elementor-spacer\">\n\t\t\t<div class=\"elementor-spacer-inner\"><\/div>\n\t\t<\/div>\n\t\t\t\t<\/div>\n\t\t\t\t<\/div>\n\t\t\t\t\t<\/div>\n\t\t<\/div>\n\t\t\t\t\t<\/div>\n\t\t<\/section>\n\t\t\t\t<\/div>\n\t\t","protected":false},"excerpt":{"rendered":"<p>Platform\u0103 politic\u0103 Platforma mea reflect\u0103 valorile mele Cel mai important Ministerul Diasporei, ai c\u0103rui functionari ar trebui s\u0103 fie, preponderent, cet\u0103\u021beni rom\u00e2ni, indiferent de culoarea politic\u0103 sau religios\u0103, rom\u00e2ni care au locuit sau locuiesc \u00een Diaspora de mai bine de 10 ani, cu expertiz\u0103 \u00een domeniul de specialitate, persoane implicate \u00een comunit\u0103\u021bile rom\u00e2ne\u0219ti, cu preg\u0103tire [&hellip;]<\/p>\n","protected":false},"author":2,"featured_media":0,"parent":0,"menu_order":0,"comment_status":"closed","ping_status":"closed","template":"elementor_header_footer","meta":{"footnotes":""},"_links":{"self":[{"href":"https:\/\/nicolaedina.es\/index.php?rest_route=\/wp\/v2\/pages\/83"}],"collection":[{"href":"https:\/\/nicolaedina.es\/index.php?rest_route=\/wp\/v2\/pages"}],"about":[{"href":"https:\/\/nicolaedina.es\/index.php?rest_route=\/wp\/v2\/types\/page"}],"author":[{"embeddable":true,"href":"https:\/\/nicolaedina.es\/index.php?rest_route=\/wp\/v2\/users\/2"}],"replies":[{"embeddable":true,"href":"https:\/\/nicolaedina.es\/index.php?rest_route=%2Fwp%2Fv2%2Fcomments&post=83"}],"version-history":[{"count":20,"href":"https:\/\/nicolaedina.es\/index.php?rest_route=\/wp\/v2\/pages\/83\/revisions"}],"predecessor-version":[{"id":352,"href":"https:\/\/nicolaedina.es\/index.php?rest_route=\/wp\/v2\/pages\/83\/revisions\/352"}],"wp:attachment":[{"href":"https:\/\/nicolaedina.es\/index.php?rest_route=%2Fwp%2Fv2%2Fmedia&parent=83"}],"curies":[{"name":"wp","href":"https:\/\/api.w.org\/{rel}","templated":true}]}}